{"id":1514,"date":"2024-10-08T14:41:16","date_gmt":"2024-10-08T12:41:16","guid":{"rendered":"https:\/\/persuadertrial.org\/?page_id=1514"},"modified":"2026-04-28T09:58:26","modified_gmt":"2026-04-28T07:58:26","slug":"documents-3","status":"publish","type":"page","link":"https:\/\/persuadertrial.org\/en\/healthcare-professionals\/documents-3\/","title":{"rendered":"Documents"},"content":{"rendered":"\n<div id=\"title-seperator\" class=\"wp-block-group is-layout-constrained wp-block-group-is-layout-constrained\">\n<h1 class=\"wp-block-heading\">Documents<\/h1>\n\n\n\n<hr class=\"wp-block-separator has-text-color has-color-2-color has-alpha-channel-opacity has-color-2-background-color has-background is-style-wide\"\/>\n<\/div>\n\n\n\n<h4 class=\"wp-block-heading\">Click on a document to open it.<\/h4>\n\n\n\n<div class=\"wp-block-file\"><a id=\"wp-block-file--media-a706851a-33b6-4a52-8bcb-761784fb1380\" href=\"https:\/\/persuadertrial.org\/wp-content\/uploads\/2026\/04\/D1_Protocol-2023-504144-33-01_-SM3_CLEAN-2.pdf\" target=\"_blank\" rel=\"noreferrer noopener\">Protocol<\/a><\/div>\n\n\n\n<div class=\"wp-block-file\"><a id=\"wp-block-file--media-886495f3-4d93-4e6c-b230-fbb8ad91ce11\" href=\"https:\/\/persuadertrial.org\/wp-content\/uploads\/2026\/01\/ECCG-complication-list.docx\" target=\"_blank\" rel=\"noreferrer noopener\">ECCG complication list<\/a><\/div>\n\n\n\n<h4 class=\"wp-block-heading\">Protocol synopsis<\/h4>\n\n\n\n<div class=\"wp-block-file\"><a id=\"wp-block-file--media-6b81a171-28af-425c-a949-70efb4055e46\" href=\"https:\/\/persuadertrial.org\/wp-content\/uploads\/2024\/07\/Protocol-synopsis-NL.pdf\" target=\"_blank\" rel=\"noreferrer noopener\">Protocol synopsis NL<\/a><\/div>\n\n\n\n<div class=\"wp-block-file\"><a id=\"wp-block-file--media-ec5a7a57-cc16-4dd7-ab1f-650def40c9b9\" href=\"https:\/\/persuadertrial.org\/wp-content\/uploads\/2024\/10\/D1-Protocolsynopsis-ENG-2023-504144-33.pdf\" target=\"_blank\" rel=\"noreferrer noopener\">Protocol synopsis EN<\/a><\/div>\n\n\n\n<div class=\"wp-block-file\"><a id=\"wp-block-file--media-8ba34d7d-b088-42f2-b3f0-1714c2b7ee43\" href=\"https:\/\/persuadertrial.org\/wp-content\/uploads\/2024\/10\/D1-Protocol-synopsis-FR-2023-504144-33.pdf\" target=\"_blank\" rel=\"noreferrer noopener\">Protocol synopsis FR <\/a><\/div>\n\n\n\n<div class=\"wp-block-file\"><a id=\"wp-block-file--media-8011a583-097f-4fab-8ff9-535b5519de4e\" href=\"https:\/\/persuadertrial.org\/wp-content\/uploads\/2024\/10\/D1-Protocol-synopsis-DU-2023-504144-33.pdf\" target=\"_blank\" rel=\"noreferrer noopener\">Protocol synopsis DU <\/a><\/div>\n\n\n\n<h4 class=\"wp-block-heading\">Pati\u00ebntinstructie<\/h4>\n\n\n\n<div class=\"wp-block-file\" style=\"padding-right:0;padding-left:0\"><a id=\"wp-block-file--media-f862ea38-ab6e-4920-8689-1e7a39bcd0aa\" href=\"http:\/\/persuadertrial.org\/wp-content\/uploads\/2024\/07\/Study-medication-instruction-NL.pdf\" target=\"_blank\" rel=\"noreferrer noopener\">Pati\u00ebntinstructie studiemedicatie NL<\/a><\/div>\n\n\n\n<div class=\"wp-block-file\" style=\"padding-right:0;padding-left:0\"><a id=\"wp-block-file--media-648b3d0f-d47a-4542-a1a5-9958cc5c3c3c\" href=\"https:\/\/persuadertrial.org\/wp-content\/uploads\/2024\/10\/D4-patient-facing-documents-study-medication-instruction-EN.pdf\" target=\"_blank\" rel=\"noreferrer noopener\">Pati\u00ebntinstructie studiemedicatie EN<\/a><\/div>\n\n\n\n<div class=\"wp-block-file\" style=\"padding-right:0;padding-left:0\"><a id=\"wp-block-file--media-2a88c821-41f9-46dd-8cc7-84042b7083bd\" href=\"https:\/\/persuadertrial.org\/wp-content\/uploads\/2024\/10\/D4-patient-facing-documents-study-medication-instruction-FR.pdf\" target=\"_blank\" rel=\"noreferrer noopener\">Pati\u00ebntinstructie studiemedicatie FR<\/a><\/div>\n\n\n\n<h4 class=\"wp-block-heading\">ICF<\/h4>\n\n\n\n<div class=\"wp-block-file\"><a id=\"wp-block-file--media-78c90763-e103-438d-bc35-7957a30e6041\" href=\"https:\/\/persuadertrial.org\/wp-content\/uploads\/2024\/10\/L1-SIS-and-ICF-adults-PERSuaDER-RUMC-version.pdf\" target=\"_blank\" rel=\"noreferrer noopener\">Radboudumc<\/a><\/div>\n\n\n\n<h4 class=\"wp-block-heading\">Handleidingen\/templates<\/h4>\n\n\n\n<div class=\"wp-block-file\"><a id=\"wp-block-file--media-d0f982c5-d06d-4f98-aa0a-b8fc5c3cb59c\" href=\"https:\/\/persuadertrial.org\/wp-content\/uploads\/2024\/10\/Gebruikershandleiding-eCRF-PERSuaDER-Trial-in-Castor-1.pdf\" target=\"_blank\" rel=\"noreferrer noopener\">eCRF, gebruikershandleiding(Dutch)<\/a><\/div>\n\n\n\n<div class=\"wp-block-file\"><a id=\"wp-block-file--media-532c85c8-ad38-4fed-9f52-12c7d2bd6928\" href=\"https:\/\/persuadertrial.org\/wp-content\/uploads\/2026\/01\/Nurse-instructions-study-medication-English-1.pdf\" target=\"_blank\" rel=\"noreferrer noopener\">Nurse instructions study medication (English)<\/a><\/div>\n\n\n\n<div class=\"wp-block-file\"><a id=\"wp-block-file--media-39d4c0b8-dc68-40b3-b3f9-b7612369be43\" href=\"https:\/\/persuadertrial.org\/wp-content\/uploads\/2024\/10\/Randomization-instructions-met-e-mail-voor-survey-instructie-final.docx\" target=\"_blank\" rel=\"noreferrer noopener\">Randomisatie handleiding<\/a><\/div>\n\n\n\n<div class=\"wp-block-file\"><a id=\"wp-block-file--media-5a381d1c-e591-450c-b569-004a9068af20\" href=\"https:\/\/persuadertrial.org\/wp-content\/uploads\/2024\/10\/handleiding-vragenlijsten-PERSuaDER-studie-versie-2024-04-25.pdf\" target=\"_blank\" rel=\"noreferrer noopener\">Vragenlijsten, handleiding versturen van vragenlijsten (Dutch)<\/a><\/div>\n\n\n\n<div class=\"wp-block-file\"><a id=\"wp-block-file--media-2df9b277-f33b-4052-a46f-5e58d1234877\" href=\"https:\/\/persuadertrial.org\/wp-content\/uploads\/2024\/10\/Standard-operating-procedure-IC-procedure-2024-08-19.pdf\" target=\"_blank\" rel=\"noreferrer noopener\">Informed consent procedure<\/a><\/div>\n\n\n\n<div class=\"wp-block-file\"><a id=\"wp-block-file--media-3fb54130-b0b0-4847-bb1d-e2668281ee17\" href=\"https:\/\/persuadertrial.org\/wp-content\/uploads\/2024\/10\/Final-SOP-protocol-deviation-violation-rapportage-PERSuaDER-Study-versie-1_06.05.2024.pdf\" target=\"_blank\" rel=\"noreferrer noopener\">Protocol deviation\/violation procedure (Dutch)<\/a><\/div>\n\n\n\n<div class=\"wp-block-file\"><a id=\"wp-block-file--media-ef645d6b-b75c-4d51-bdc8-9afb46995eaa\" href=\"https:\/\/persuadertrial.org\/wp-content\/uploads\/2024\/10\/Blanco-Protocol-Deviation-Violation-Form-PERSuaDER-trial.doc\" target=\"_blank\" rel=\"noreferrer noopener\">Protocol deviation\/violation formulier<\/a><\/div>\n\n\n\n<div class=\"wp-block-file\"><a id=\"wp-block-file--media-e5321cc3-74d3-42ed-bc93-c53cb6e07e4a\" href=\"https:\/\/persuadertrial.org\/wp-content\/uploads\/2024\/10\/SAE-form-Versie-7-PERSuaDER.docx\" target=\"_blank\" rel=\"noreferrer noopener\">SAE\/SUSAR formulier<\/a><\/div>\n\n\n\n<h4 class=\"wp-block-heading\">Dagboeken<\/h4>\n\n\n\n<div class=\"wp-block-file\"><a id=\"wp-block-file--media-1e714ba6-8e43-446e-89f9-da7b430caff4\" href=\"https:\/\/persuadertrial.org\/wp-content\/uploads\/2025\/11\/D4_Patient-facing-documents-diary-Dutch-2.pdf\" target=\"_blank\" rel=\"noreferrer noopener\">Diary Dutch<\/a><\/div>\n\n\n\n<div class=\"wp-block-file\"><a id=\"wp-block-file--media-c759b454-7c00-4329-8bfe-ebd6e87fe158\" href=\"https:\/\/persuadertrial.org\/wp-content\/uploads\/2025\/11\/D4_Patient-facing-documents-diary-English-2.pdf\" target=\"_blank\" rel=\"noreferrer noopener\">Diary English<\/a><\/div>\n\n\n\n<div class=\"wp-block-file\"><a id=\"wp-block-file--media-7e00609b-d7e1-4754-aef3-84d27d2474ed\" href=\"https:\/\/persuadertrial.org\/wp-content\/uploads\/2025\/11\/D4_Patient-facing-documents-diary-French-2.pdf\" target=\"_blank\" rel=\"noreferrer noopener\">Diary French<\/a><\/div>\n\n\n\n<h4 class=\"wp-block-heading\">Vragenlijsten<\/h4>\n\n\n\n<p><strong>Nederland, Nederlands<\/strong><\/p>\n\n\n\n<div class=\"wp-block-file\"><a id=\"wp-block-file--media-5ade207d-60b3-48ad-ad32-4a67438ec091\" href=\"http:\/\/persuadertrial.org\/wp-content\/uploads\/2024\/07\/Vragenlijst-PERSuaDER-maand-0-3-en-6-V1.0-2023.09.28.pdf\" target=\"_blank\" rel=\"noreferrer noopener\">Vragenlijst Nederland, preoperatief, 3 en 6 maanden postoperatief<\/a><\/div>\n\n\n\n<div class=\"wp-block-file\"><a id=\"wp-block-file--media-eaf2d3b4-13f9-4021-a01d-511b823eb78e\" href=\"http:\/\/persuadertrial.org\/wp-content\/uploads\/2024\/07\/Vragenlijsten-PERSuaDER-1-maand-post-op-V1.0-2023.09.28.pdf\" target=\"_blank\" rel=\"noreferrer noopener\">Vragenlijst Nederland, 1 maand postoperatief<\/a><\/div>\n\n\n\n<p><strong>Belgi\u00eb, Nederlands<\/strong><\/p>\n\n\n\n<div class=\"wp-block-file\"><a id=\"wp-block-file--media-9be345c5-f1b6-480e-81c1-d6cc98d8e39c\" href=\"http:\/\/persuadertrial.org\/wp-content\/uploads\/2024\/07\/Questionnaire-NL.pdf\" target=\"_blank\" rel=\"noreferrer noopener\">Questionnaire<\/a><\/div>\n\n\n\n<div class=\"wp-block-file\"><a id=\"wp-block-file--media-7d038bea-d9f5-451d-a90f-c2682681fe0b\" href=\"http:\/\/persuadertrial.org\/wp-content\/uploads\/2024\/07\/D4-patient-facing-documents-Questionnaire-NL-for-Belgian-schoolsystem.pdf\" target=\"_blank\" rel=\"noreferrer noopener\">Vragenlijst Belgi\u00eb, preoperatief, 3 en 6 maanden postoperatief<\/a><\/div>\n\n\n\n<p><strong>Belgi\u00eb, English<\/strong><\/p>\n\n\n\n<div class=\"wp-block-file\"><a id=\"wp-block-file--media-1e078c47-6610-4b2d-b5a8-ac0a79210ecf\" href=\"http:\/\/persuadertrial.org\/wp-content\/uploads\/2024\/08\/2024-03-03_Questionnaire_EN_Version-1.1_PDF.pdf\" target=\"_blank\" rel=\"noreferrer noopener\">Questionnaire English 0, 3 and 6 months<\/a><\/div>\n\n\n\n<div class=\"wp-block-file\"><a id=\"wp-block-file--media-39924005-f1d7-43bc-9a91-0f7f742e8986\" href=\"http:\/\/persuadertrial.org\/wp-content\/uploads\/2024\/08\/2024-03-03_Questionnaire_1maand_EN_Version-1.1_PDF.pdf\" target=\"_blank\" rel=\"noreferrer noopener\">Questionnaire English 1 month post <\/a><\/div>\n\n\n\n<p><strong>Belgi\u00eb, Fran\u00e7ais<\/strong><\/p>\n\n\n\n<div class=\"wp-block-file\"><a id=\"wp-block-file--media-39924005-f1d7-43bc-9a91-0f7f742e8986\" href=\"http:\/\/persuadertrial.org\/wp-content\/uploads\/2024\/08\/2024-03-03_Questionnaire_FR_Version-1.1_PDF.pdf\" target=\"_blank\" rel=\"noreferrer noopener\">French Questionnaire 0, 3 and 6 months<\/a><\/div>\n\n\n\n<div class=\"wp-block-file\"><a id=\"wp-block-file--media-39924005-f1d7-43bc-9a91-0f7f742e8986\" href=\"http:\/\/persuadertrial.org\/wp-content\/uploads\/2024\/08\/2024-03-03_Questionnaire_1maand_FR_Version-1.1_PDF.pdf\" target=\"_blank\" rel=\"noreferrer noopener\">French Questionnaire 1 month later<\/a><\/div>\n\n\n\n<p><\/p>\n","protected":false},"excerpt":{"rendered":"<p>Documents Click on a document to open it. Protocol synopsis Pati\u00ebntinstructie ICF Handleidingen\/templates Dagboeken Vragenlijsten Nederland, Nederlands Belgi\u00eb, Nederlands Belgi\u00eb, English Belgi\u00eb, Fran\u00e7ais<\/p>\n","protected":false},"author":3,"featured_media":0,"parent":1353,"menu_order":2,"comment_status":"closed","ping_status":"closed","template":"","meta":{"_acf_changed":false,"_relevanssi_hide_post":"","_relevanssi_hide_content":"","_relevanssi_pin_for_all":"","_relevanssi_pin_keywords":"","_relevanssi_unpin_keywords":"","_relevanssi_related_keywords":"","_relevanssi_related_include_ids":"","_relevanssi_related_exclude_ids":"","_relevanssi_related_no_append":"","_relevanssi_related_not_related":"","_relevanssi_related_posts":"1326","_relevanssi_noindex_reason":"","inline_featured_image":false,"footnotes":""},"class_list":["post-1514","page","type-page","status-publish","hentry"],"acf":[],"yoast_head":"<!-- This site is optimized with the Yoast SEO plugin v27.5 - https:\/\/yoast.com\/product\/yoast-seo-wordpress\/ -->\n<title>Documents - Radboud UMC<\/title>\n<meta name=\"robots\" content=\"index, follow, max-snippet:-1, max-image-preview:large, max-video-preview:-1\" \/>\n<link rel=\"canonical\" href=\"https:\/\/persuadertrial.org\/en\/healthcare-professionals\/documents-3\/\" \/>\n<meta property=\"og:locale\" content=\"en_US\" \/>\n<meta property=\"og:type\" content=\"article\" \/>\n<meta property=\"og:title\" content=\"Documents - Radboud UMC\" \/>\n<meta property=\"og:description\" content=\"Documents Click on a document to open it. Protocol synopsis Pati\u00ebntinstructie ICF Handleidingen\/templates Dagboeken Vragenlijsten Nederland, Nederlands Belgi\u00eb, Nederlands Belgi\u00eb, English Belgi\u00eb, Fran\u00e7ais\" \/>\n<meta property=\"og:url\" content=\"https:\/\/persuadertrial.org\/en\/healthcare-professionals\/documents-3\/\" \/>\n<meta property=\"og:site_name\" content=\"Radboud UMC\" \/>\n<meta property=\"article:modified_time\" content=\"2026-04-28T07:58:26+00:00\" \/>\n<meta name=\"twitter:card\" content=\"summary_large_image\" \/>\n<meta name=\"twitter:label1\" content=\"Est. reading time\" \/>\n\t<meta name=\"twitter:data1\" content=\"1 minute\" \/>\n<script type=\"application\/ld+json\" class=\"yoast-schema-graph\">{\"@context\":\"https:\\\/\\\/schema.org\",\"@graph\":[{\"@type\":\"WebPage\",\"@id\":\"https:\\\/\\\/persuadertrial.org\\\/en\\\/healthcare-professionals\\\/documents-3\\\/\",\"url\":\"https:\\\/\\\/persuadertrial.org\\\/en\\\/healthcare-professionals\\\/documents-3\\\/\",\"name\":\"Documents - Radboud UMC\",\"isPartOf\":{\"@id\":\"https:\\\/\\\/persuadertrial.org\\\/en\\\/#website\"},\"datePublished\":\"2024-10-08T12:41:16+00:00\",\"dateModified\":\"2026-04-28T07:58:26+00:00\",\"breadcrumb\":{\"@id\":\"https:\\\/\\\/persuadertrial.org\\\/en\\\/healthcare-professionals\\\/documents-3\\\/#breadcrumb\"},\"inLanguage\":\"en-US\",\"potentialAction\":[{\"@type\":\"ReadAction\",\"target\":[\"https:\\\/\\\/persuadertrial.org\\\/en\\\/healthcare-professionals\\\/documents-3\\\/\"]}]},{\"@type\":\"BreadcrumbList\",\"@id\":\"https:\\\/\\\/persuadertrial.org\\\/en\\\/healthcare-professionals\\\/documents-3\\\/#breadcrumb\",\"itemListElement\":[{\"@type\":\"ListItem\",\"position\":1,\"name\":\"Home\",\"item\":\"https:\\\/\\\/persuadertrial.org\\\/en\\\/\"},{\"@type\":\"ListItem\",\"position\":2,\"name\":\"Healthcare professionals\",\"item\":\"https:\\\/\\\/persuadertrial.org\\\/en\\\/healthcare-professionals\\\/\"},{\"@type\":\"ListItem\",\"position\":3,\"name\":\"Documents\"}]},{\"@type\":\"WebSite\",\"@id\":\"https:\\\/\\\/persuadertrial.org\\\/en\\\/#website\",\"url\":\"https:\\\/\\\/persuadertrial.org\\\/en\\\/\",\"name\":\"PERSuaDER Trial - Radboud UMC\",\"description\":\"\",\"publisher\":{\"@id\":\"https:\\\/\\\/persuadertrial.org\\\/en\\\/#organization\"},\"potentialAction\":[{\"@type\":\"SearchAction\",\"target\":{\"@type\":\"EntryPoint\",\"urlTemplate\":\"https:\\\/\\\/persuadertrial.org\\\/en\\\/?s={search_term_string}\"},\"query-input\":{\"@type\":\"PropertyValueSpecification\",\"valueRequired\":true,\"valueName\":\"search_term_string\"}}],\"inLanguage\":\"en-US\"},{\"@type\":\"Organization\",\"@id\":\"https:\\\/\\\/persuadertrial.org\\\/en\\\/#organization\",\"name\":\"PERSuaDER Trial - Radboud UMC\",\"url\":\"https:\\\/\\\/persuadertrial.org\\\/en\\\/\",\"logo\":{\"@type\":\"ImageObject\",\"inLanguage\":\"en-US\",\"@id\":\"https:\\\/\\\/persuadertrial.org\\\/en\\\/#\\\/schema\\\/logo\\\/image\\\/\",\"url\":\"https:\\\/\\\/persuadertrial.org\\\/wp-content\\\/uploads\\\/2024\\\/09\\\/PERSuaDER-trial-logo-transparant-4.png\",\"contentUrl\":\"https:\\\/\\\/persuadertrial.org\\\/wp-content\\\/uploads\\\/2024\\\/09\\\/PERSuaDER-trial-logo-transparant-4.png\",\"width\":300,\"height\":144,\"caption\":\"PERSuaDER Trial - Radboud UMC\"},\"image\":{\"@id\":\"https:\\\/\\\/persuadertrial.org\\\/en\\\/#\\\/schema\\\/logo\\\/image\\\/\"}}]}<\/script>\n<!-- \/ Yoast SEO plugin. -->","yoast_head_json":{"title":"Documents - Radboud UMC","robots":{"index":"index","follow":"follow","max-snippet":"max-snippet:-1","max-image-preview":"max-image-preview:large","max-video-preview":"max-video-preview:-1"},"canonical":"https:\/\/persuadertrial.org\/en\/healthcare-professionals\/documents-3\/","og_locale":"en_US","og_type":"article","og_title":"Documents - Radboud UMC","og_description":"Documents Click on a document to open it. Protocol synopsis Pati\u00ebntinstructie ICF Handleidingen\/templates Dagboeken Vragenlijsten Nederland, Nederlands Belgi\u00eb, Nederlands Belgi\u00eb, English Belgi\u00eb, Fran\u00e7ais","og_url":"https:\/\/persuadertrial.org\/en\/healthcare-professionals\/documents-3\/","og_site_name":"Radboud UMC","article_modified_time":"2026-04-28T07:58:26+00:00","twitter_card":"summary_large_image","twitter_misc":{"Est. reading time":"1 minute"},"schema":{"@context":"https:\/\/schema.org","@graph":[{"@type":"WebPage","@id":"https:\/\/persuadertrial.org\/en\/healthcare-professionals\/documents-3\/","url":"https:\/\/persuadertrial.org\/en\/healthcare-professionals\/documents-3\/","name":"Documents - Radboud UMC","isPartOf":{"@id":"https:\/\/persuadertrial.org\/en\/#website"},"datePublished":"2024-10-08T12:41:16+00:00","dateModified":"2026-04-28T07:58:26+00:00","breadcrumb":{"@id":"https:\/\/persuadertrial.org\/en\/healthcare-professionals\/documents-3\/#breadcrumb"},"inLanguage":"en-US","potentialAction":[{"@type":"ReadAction","target":["https:\/\/persuadertrial.org\/en\/healthcare-professionals\/documents-3\/"]}]},{"@type":"BreadcrumbList","@id":"https:\/\/persuadertrial.org\/en\/healthcare-professionals\/documents-3\/#breadcrumb","itemListElement":[{"@type":"ListItem","position":1,"name":"Home","item":"https:\/\/persuadertrial.org\/en\/"},{"@type":"ListItem","position":2,"name":"Healthcare professionals","item":"https:\/\/persuadertrial.org\/en\/healthcare-professionals\/"},{"@type":"ListItem","position":3,"name":"Documents"}]},{"@type":"WebSite","@id":"https:\/\/persuadertrial.org\/en\/#website","url":"https:\/\/persuadertrial.org\/en\/","name":"PERSuaDER Trial - Radboud UMC","description":"","publisher":{"@id":"https:\/\/persuadertrial.org\/en\/#organization"},"potentialAction":[{"@type":"SearchAction","target":{"@type":"EntryPoint","urlTemplate":"https:\/\/persuadertrial.org\/en\/?s={search_term_string}"},"query-input":{"@type":"PropertyValueSpecification","valueRequired":true,"valueName":"search_term_string"}}],"inLanguage":"en-US"},{"@type":"Organization","@id":"https:\/\/persuadertrial.org\/en\/#organization","name":"PERSuaDER Trial - Radboud UMC","url":"https:\/\/persuadertrial.org\/en\/","logo":{"@type":"ImageObject","inLanguage":"en-US","@id":"https:\/\/persuadertrial.org\/en\/#\/schema\/logo\/image\/","url":"https:\/\/persuadertrial.org\/wp-content\/uploads\/2024\/09\/PERSuaDER-trial-logo-transparant-4.png","contentUrl":"https:\/\/persuadertrial.org\/wp-content\/uploads\/2024\/09\/PERSuaDER-trial-logo-transparant-4.png","width":300,"height":144,"caption":"PERSuaDER Trial - Radboud UMC"},"image":{"@id":"https:\/\/persuadertrial.org\/en\/#\/schema\/logo\/image\/"}}]}},"_links":{"self":[{"href":"https:\/\/persuadertrial.org\/en\/wp-json\/wp\/v2\/pages\/1514","targetHints":{"allow":["GET"]}}],"collection":[{"href":"https:\/\/persuadertrial.org\/en\/wp-json\/wp\/v2\/pages"}],"about":[{"href":"https:\/\/persuadertrial.org\/en\/wp-json\/wp\/v2\/types\/page"}],"author":[{"embeddable":true,"href":"https:\/\/persuadertrial.org\/en\/wp-json\/wp\/v2\/users\/3"}],"replies":[{"embeddable":true,"href":"https:\/\/persuadertrial.org\/en\/wp-json\/wp\/v2\/comments?post=1514"}],"version-history":[{"count":7,"href":"https:\/\/persuadertrial.org\/en\/wp-json\/wp\/v2\/pages\/1514\/revisions"}],"predecessor-version":[{"id":2232,"href":"https:\/\/persuadertrial.org\/en\/wp-json\/wp\/v2\/pages\/1514\/revisions\/2232"}],"up":[{"embeddable":true,"href":"https:\/\/persuadertrial.org\/en\/wp-json\/wp\/v2\/pages\/1353"}],"wp:attachment":[{"href":"https:\/\/persuadertrial.org\/en\/wp-json\/wp\/v2\/media?parent=1514"}],"curies":[{"name":"wp","href":"https:\/\/api.w.org\/{rel}","templated":true}]}}